{"id":3326,"date":"2021-12-18T12:43:00","date_gmt":"2021-12-18T09:43:00","guid":{"rendered":"https:\/\/seaphoriabeach.com\/seaphoriahotel\/"},"modified":"2024-12-08T16:16:01","modified_gmt":"2024-12-08T13:16:01","slug":"seaphoriahotel","status":"publish","type":"page","link":"https:\/\/seaphoriabeach.com\/de\/seaphoriahotel\/","title":{"rendered":"Seaphoria Hotel"},"content":{"rendered":"\t\t<div data-elementor-type=\"wp-page\" data-elementor-id=\"3326\" class=\"elementor elementor-3326\" data-elementor-settings=\"{&quot;ha_cmc_init_switcher&quot;:&quot;no&quot;}\" data-elementor-post-type=\"page\">\n\t\t\t\t<div class=\"elementor-element elementor-element-fcd33cf e-flex e-con-boxed e-con e-parent\" data-id=\"fcd33cf\" data-element_type=\"container\" data-settings=\"{&quot;_ha_eqh_enable&quot;:false}\">\n\t\t\t\t\t<div class=\"e-con-inner\">\n\t\t<div class=\"elementor-element elementor-element-7349757 e-con-full e-flex e-con e-child\" data-id=\"7349757\" data-element_type=\"container\" data-settings=\"{&quot;_ha_eqh_enable&quot;:false}\">\n\t\t\t\t<div class=\"elementor-element elementor-element-9a18f4d elementor-widget elementor-widget-image\" data-id=\"9a18f4d\" data-element_type=\"widget\" data-widget_type=\"image.default\">\n\t\t\t\t<div class=\"elementor-widget-container\">\n\t\t\t\t\t\t\t\t\t\t\t\t\t\t\t<img fetchpriority=\"high\" decoding=\"async\" width=\"938\" height=\"625\" src=\"https:\/\/seaphoriabeach.com\/wp-content\/uploads\/2024\/11\/dis7-Kopyala.webp\" class=\"attachment-large size-large wp-image-2821\" alt=\"\" srcset=\"https:\/\/seaphoriabeach.com\/wp-content\/uploads\/2024\/11\/dis7-Kopyala.webp 938w, https:\/\/seaphoriabeach.com\/wp-content\/uploads\/2024\/11\/dis7-Kopyala-300x200.webp 300w, https:\/\/seaphoriabeach.com\/wp-content\/uploads\/2024\/11\/dis7-Kopyala-768x512.webp 768w\" sizes=\"(max-width: 938px) 100vw, 938px\" \/>\t\t\t\t\t\t\t\t\t\t\t\t\t\t\t<\/div>\n\t\t\t\t<\/div>\n\t\t\t\t<div class=\"elementor-element elementor-element-725ec6f elementor-widget elementor-widget-image\" data-id=\"725ec6f\" data-element_type=\"widget\" data-widget_type=\"image.default\">\n\t\t\t\t<div class=\"elementor-widget-container\">\n\t\t\t\t\t\t\t\t\t\t\t\t\t\t\t<img decoding=\"async\" width=\"1024\" height=\"683\" src=\"https:\/\/seaphoriabeach.com\/wp-content\/uploads\/2024\/11\/dis2-Kopyala-1024x683.webp\" class=\"attachment-large size-large wp-image-2816\" alt=\"\" srcset=\"https:\/\/seaphoriabeach.com\/wp-content\/uploads\/2024\/11\/dis2-Kopyala-1024x683.webp 1024w, https:\/\/seaphoriabeach.com\/wp-content\/uploads\/2024\/11\/dis2-Kopyala-300x200.webp 300w, https:\/\/seaphoriabeach.com\/wp-content\/uploads\/2024\/11\/dis2-Kopyala-768x512.webp 768w, https:\/\/seaphoriabeach.com\/wp-content\/uploads\/2024\/11\/dis2-Kopyala.webp 1188w\" sizes=\"(max-width: 1024px) 100vw, 1024px\" \/>\t\t\t\t\t\t\t\t\t\t\t\t\t\t\t<\/div>\n\t\t\t\t<\/div>\n\t\t\t\t<div class=\"elementor-element elementor-element-1316e17 elementor-widget elementor-widget-image\" data-id=\"1316e17\" data-element_type=\"widget\" data-widget_type=\"image.default\">\n\t\t\t\t<div class=\"elementor-widget-container\">\n\t\t\t\t\t\t\t\t\t\t\t\t\t\t\t<img decoding=\"async\" width=\"1024\" height=\"683\" src=\"https:\/\/seaphoriabeach.com\/wp-content\/uploads\/2024\/11\/lobi5-Kopyala-1024x683.webp\" class=\"attachment-large size-large wp-image-2834\" alt=\"\" srcset=\"https:\/\/seaphoriabeach.com\/wp-content\/uploads\/2024\/11\/lobi5-Kopyala-1024x683.webp 1024w, https:\/\/seaphoriabeach.com\/wp-content\/uploads\/2024\/11\/lobi5-Kopyala-300x200.webp 300w, https:\/\/seaphoriabeach.com\/wp-content\/uploads\/2024\/11\/lobi5-Kopyala-768x512.webp 768w, https:\/\/seaphoriabeach.com\/wp-content\/uploads\/2024\/11\/lobi5-Kopyala.webp 1164w\" sizes=\"(max-width: 1024px) 100vw, 1024px\" \/>\t\t\t\t\t\t\t\t\t\t\t\t\t\t\t<\/div>\n\t\t\t\t<\/div>\n\t\t\t\t<\/div>\n\t\t<div class=\"elementor-element elementor-element-a28ebc5 e-con-full e-flex e-con e-child\" data-id=\"a28ebc5\" data-element_type=\"container\" data-settings=\"{&quot;_ha_eqh_enable&quot;:false}\">\n\t\t\t\t<div class=\"elementor-element elementor-element-16b1508 elementor-widget elementor-widget-text-editor\" data-id=\"16b1508\" data-element_type=\"widget\" data-widget_type=\"text-editor.default\">\n\t\t\t\t<div class=\"elementor-widget-container\">\n\t\t\t\t\t\t\t\t\t<p>Seaphoria Beach Resort<\/p>\n<p>Hier ist eine Welt, in der die Sonne Ihre Haut w\u00e4rmt, Sie sich im Pool abk\u00fchlen, Sie eine besondere Zeit im Restaurant verbringen k\u00f6nnen &#8230; Hier ist ein Lebensraum mit unbegrenztem Luxus und Komfort. Das ist das Seaphoria Beach Resort! Und wir freuen uns, Sie mit den Sch\u00f6nheiten, die wir bieten, und unserem freundlichen Personal begr\u00fc\u00dfen zu d\u00fcrfen.<\/p>\n<p>Als Seaphoria Beach Resort, wo sich das Blau und Gr\u00fcn des Mittelmeers im einzigartig sch\u00f6nen Alanya treffen, sind wir in Ihrem gl\u00fccklichsten Moment bei Ihnen. Als einziges Urlaubsziel sind wir hier, um Ihren Luxus, Komfort und angenehme Urlaubstr\u00e4ume wahr werden zu lassen.<\/p>\n<p>Seaphoria Beach ist ein Hotel im mediterranen Stil, in dem Farben die Natur bereichern und jedes Detail so gestaltet und gestaltet ist, dass es jedem Raum Atmosph\u00e4re und Pers\u00f6nlichkeit verleiht.<\/p>\n<p>Seaphoria, ein ruhiges Hotel<\/p>\n<p>In unserem Hotel in Alanya &#8211; Okurcalar k\u00f6nnen Sie alle Einrichtungen nutzen, die Sie verdienen. Wir begr\u00fc\u00dfen Sie in unseren Zimmern mit einzigartigem Blick auf die Berge und den Garten f\u00fcr einen ruhigen Schlaf, eine entspannende Dusche und einen Fernseher, und wir glauben, dass alles Notwendige f\u00fcr Ihren Komfort ist.<\/p>\n<p>Beste Lage<\/p>\n<p>Sammeln Sie Momente, die Ihren Urlaub bei herrlichem Meerblick unvergesslich machen.<\/p>\n<p>Ihre Urlaubsroute<\/p>\n<p>Privatsph\u00e4re, Entspannung und Ruhe sind die Vorteile einer Lage, die es Ihnen erm\u00f6glicht, alle wichtigen Sehensw\u00fcrdigkeiten und das Nachtleben von Alanya in nur wenigen Minuten zu erreichen.<\/p>\n<p>Dies ist das Tor nach Alanya, der Knotenpunkt der Kulturen, der Treffpunkt der High Society, der Liebling von Intellektuellen und K\u00fcnstlern und das Herz von Millionen von Besuchern, die jedes Jahr durch die Stra\u00dfen schlendern. Alanya ist eine Route zum Genie\u00dfen mit Buffets, alten und traditionellen Eisdielen und Caf\u00e9s und eine Route, zu der niemand zur\u00fcckkehren m\u00f6chte.<\/p>\t\t\t\t\t\t\t\t<\/div>\n\t\t\t\t<\/div>\n\t\t\t\t<\/div>\n\t\t\t\t\t<\/div>\n\t\t\t\t<\/div>\n\t\t\t\t<\/div>\n\t\t","protected":false},"excerpt":{"rendered":"Seaphoria Beach Resort Hier ist eine Welt, in der die Sonne Ihre Haut w\u00e4rmt, Sie sich im Pool abk\u00fchlen, Sie eine besondere Zeit im Restaurant verbringen k\u00f6nnen &#8230; Hier ist ein Lebensraum mit unbegrenztem Luxus und Komfort. Das ist das Seaphoria Beach Resort! Und wir freuen uns, Sie mit den Sch\u00f6nheiten, die wir bieten, und ","protected":false},"author":1,"featured_media":0,"parent":0,"menu_order":0,"comment_status":"closed","ping_status":"closed","template":"elementor_header_footer","meta":{"footnotes":""},"class_list":["post-3326","page","type-page","status-publish","hentry"],"_links":{"self":[{"href":"https:\/\/seaphoriabeach.com\/de\/wp-json\/wp\/v2\/pages\/3326","targetHints":{"allow":["GET"]}}],"collection":[{"href":"https:\/\/seaphoriabeach.com\/de\/wp-json\/wp\/v2\/pages"}],"about":[{"href":"https:\/\/seaphoriabeach.com\/de\/wp-json\/wp\/v2\/types\/page"}],"author":[{"embeddable":true,"href":"https:\/\/seaphoriabeach.com\/de\/wp-json\/wp\/v2\/users\/1"}],"replies":[{"embeddable":true,"href":"https:\/\/seaphoriabeach.com\/de\/wp-json\/wp\/v2\/comments?post=3326"}],"version-history":[{"count":3,"href":"https:\/\/seaphoriabeach.com\/de\/wp-json\/wp\/v2\/pages\/3326\/revisions"}],"predecessor-version":[{"id":3384,"href":"https:\/\/seaphoriabeach.com\/de\/wp-json\/wp\/v2\/pages\/3326\/revisions\/3384"}],"wp:attachment":[{"href":"https:\/\/seaphoriabeach.com\/de\/wp-json\/wp\/v2\/media?parent=3326"}],"curies":[{"name":"wp","href":"https:\/\/api.w.org\/{rel}","templated":true}]}}