{"id":3320,"date":"2024-11-19T14:40:14","date_gmt":"2024-11-19T11:40:14","guid":{"rendered":"https:\/\/seaphoriabeach.com\/odalarimiz\/"},"modified":"2024-12-08T16:23:29","modified_gmt":"2024-12-08T13:23:29","slug":"odalarimiz","status":"publish","type":"page","link":"https:\/\/seaphoriabeach.com\/de\/odalarimiz\/","title":{"rendered":"Odalar\u0131m\u0131z Seaphoria"},"content":{"rendered":"\t\t<div data-elementor-type=\"wp-page\" data-elementor-id=\"3320\" class=\"elementor elementor-3320\" data-elementor-settings=\"{&quot;ha_cmc_init_switcher&quot;:&quot;no&quot;}\" data-elementor-post-type=\"page\">\n\t\t\t\t<div class=\"elementor-element elementor-element-2bb19ed e-flex e-con-boxed e-con e-parent\" data-id=\"2bb19ed\" data-element_type=\"container\" data-settings=\"{&quot;_ha_eqh_enable&quot;:false}\">\n\t\t\t\t\t<div class=\"e-con-inner\">\n\t\t<div class=\"elementor-element elementor-element-2e97860 e-con-full e-flex e-con e-child\" data-id=\"2e97860\" data-element_type=\"container\" data-settings=\"{&quot;_ha_eqh_enable&quot;:false}\">\n\t\t\t\t<div class=\"elementor-element elementor-element-18f9f07 ha-card--top ha-card--tablet-top ha-card--mobile-top elementor-widget elementor-widget-ha-card happy-addon ha-card\" data-id=\"18f9f07\" data-element_type=\"widget\" data-widget_type=\"ha-card.default\">\n\t\t\t\t<div class=\"elementor-widget-container\">\n\t\t\t\t\t\r\n\t\t\t\t\t<figure class=\"ha-card-figure\">\r\n\t\t\t\t<img fetchpriority=\"high\" decoding=\"async\" width=\"1024\" height=\"683\" src=\"https:\/\/seaphoriabeach.com\/wp-content\/uploads\/2024\/11\/oda5-Kopyala-1024x683.webp\" class=\"attachment-large size-large wp-image-2840\" alt=\"\" srcset=\"https:\/\/seaphoriabeach.com\/wp-content\/uploads\/2024\/11\/oda5-Kopyala-1024x683.webp 1024w, https:\/\/seaphoriabeach.com\/wp-content\/uploads\/2024\/11\/oda5-Kopyala-300x200.webp 300w, https:\/\/seaphoriabeach.com\/wp-content\/uploads\/2024\/11\/oda5-Kopyala-768x512.webp 768w, https:\/\/seaphoriabeach.com\/wp-content\/uploads\/2024\/11\/oda5-Kopyala.webp 1148w\" sizes=\"(max-width: 1024px) 100vw, 1024px\" \/>\t\t\t\t\t\t\t<\/figure>\r\n\t\t\r\n\t\t<div class=\"ha-card-body\">\r\n\r\n\t\t\t<h2 class=\"ha-card-title\">Zimmer mit Landblick<\/h2>\r\n\t\t\t\t\t\t\t<div class=\"ha-card-text\">\r\n\t\t\t\t\t<p>2+2-Personen-Zimmer \u2013 20 m\u00b2<br> Dies sind unsere Zimmer mit Landblick. Die maximale Kapazit\u00e4t betr\u00e4gt 2 Erwachsene + 2 Kinder.<\/p>\r\n\t\t\t\t<\/div>\r\n\t\t\t\r\n\t\t\t\t\t<\/div>\r\n\t\t\t\t\t\t<\/div>\n\t\t\t\t<\/div>\n\t\t\t\t<\/div>\n\t\t<div class=\"elementor-element elementor-element-cd149f9 e-con-full e-flex e-con e-child\" data-id=\"cd149f9\" data-element_type=\"container\" data-settings=\"{&quot;_ha_eqh_enable&quot;:false}\">\n\t\t\t\t<div class=\"elementor-element elementor-element-f89d711 ha-card--top ha-card--tablet-top ha-card--mobile-top elementor-widget elementor-widget-ha-card happy-addon ha-card\" data-id=\"f89d711\" data-element_type=\"widget\" data-widget_type=\"ha-card.default\">\n\t\t\t\t<div class=\"elementor-widget-container\">\n\t\t\t\t\t\r\n\t\t\t\t\t<figure class=\"ha-card-figure\">\r\n\t\t\t\t<img decoding=\"async\" width=\"1024\" height=\"683\" src=\"https:\/\/seaphoriabeach.com\/wp-content\/uploads\/2024\/11\/oda4-Kopyala-1024x683.webp\" class=\"attachment-large size-large wp-image-2839\" alt=\"\" srcset=\"https:\/\/seaphoriabeach.com\/wp-content\/uploads\/2024\/11\/oda4-Kopyala-1024x683.webp 1024w, https:\/\/seaphoriabeach.com\/wp-content\/uploads\/2024\/11\/oda4-Kopyala-300x200.webp 300w, https:\/\/seaphoriabeach.com\/wp-content\/uploads\/2024\/11\/oda4-Kopyala-768x512.webp 768w, https:\/\/seaphoriabeach.com\/wp-content\/uploads\/2024\/11\/oda4-Kopyala.webp 1168w\" sizes=\"(max-width: 1024px) 100vw, 1024px\" \/>\t\t\t\t\t\t\t<\/figure>\r\n\t\t\r\n\t\t<div class=\"ha-card-body\">\r\n\r\n\t\t\t<h2 class=\"ha-card-title\">Zimmer mit Meerblick<\/h2>\r\n\t\t\t\t\t\t\t<div class=\"ha-card-text\">\r\n\t\t\t\t\t<p>2+2-Personen-Zimmer - 20 m\u00b2 <br> Dies sind unsere Zimmer mit Meerblick. Die maximale Kapazit\u00e4t betr\u00e4gt 3 Erwachsene oder 2 Erwachsene + 2 Kinder.<\/p>\r\n\t\t\t\t<\/div>\r\n\t\t\t\r\n\t\t\t\t\t<\/div>\r\n\t\t\t\t\t\t<\/div>\n\t\t\t\t<\/div>\n\t\t\t\t<\/div>\n\t\t\t\t\t<\/div>\n\t\t\t\t<\/div>\n\t\t<div class=\"elementor-element elementor-element-48cf83b e-flex e-con-boxed e-con e-parent\" data-id=\"48cf83b\" data-element_type=\"container\" data-settings=\"{&quot;_ha_eqh_enable&quot;:false}\">\n\t\t\t\t\t<div class=\"e-con-inner\">\n\t\t<div class=\"elementor-element elementor-element-3c1b118 e-con-full e-flex e-con e-child\" data-id=\"3c1b118\" data-element_type=\"container\" data-settings=\"{&quot;_ha_eqh_enable&quot;:false}\">\n\t\t\t\t<div class=\"elementor-element elementor-element-7e89efa ha-card--top ha-card--tablet-top ha-card--mobile-top elementor-widget elementor-widget-ha-card happy-addon ha-card\" data-id=\"7e89efa\" data-element_type=\"widget\" data-widget_type=\"ha-card.default\">\n\t\t\t\t<div class=\"elementor-widget-container\">\n\t\t\t\t\t\r\n\t\t\t\t\t<figure class=\"ha-card-figure\">\r\n\t\t\t\t<img decoding=\"async\" width=\"1024\" height=\"683\" src=\"https:\/\/seaphoriabeach.com\/wp-content\/uploads\/2024\/11\/oda3-Kopyala-1024x683.webp\" class=\"attachment-large size-large wp-image-2838\" alt=\"\" srcset=\"https:\/\/seaphoriabeach.com\/wp-content\/uploads\/2024\/11\/oda3-Kopyala-1024x683.webp 1024w, https:\/\/seaphoriabeach.com\/wp-content\/uploads\/2024\/11\/oda3-Kopyala-300x200.webp 300w, https:\/\/seaphoriabeach.com\/wp-content\/uploads\/2024\/11\/oda3-Kopyala-768x512.webp 768w, https:\/\/seaphoriabeach.com\/wp-content\/uploads\/2024\/11\/oda3-Kopyala.webp 1116w\" sizes=\"(max-width: 1024px) 100vw, 1024px\" \/>\t\t\t\t\t\t\t<\/figure>\r\n\t\t\r\n\t\t<div class=\"ha-card-body\">\r\n\r\n\t\t\t<h2 class=\"ha-card-title\">Gro\u00dfes Zimmer<\/h2>\r\n\t\t\t\t\t\t\t<div class=\"ha-card-text\">\r\n\t\t\t\t\t<p>Zimmer f\u00fcr 4 Personen - 25 m\u00b2 <br> Das sind unsere ger\u00e4umigen Zimmer. Die maximale Kapazit\u00e4t betr\u00e4gt 4 Erwachsene oder 3 Erwachsene und 1 Kind.<\/p>\r\n\t\t\t\t<\/div>\r\n\t\t\t\r\n\t\t\t\t\t<\/div>\r\n\t\t\t\t\t\t<\/div>\n\t\t\t\t<\/div>\n\t\t\t\t<\/div>\n\t\t<div class=\"elementor-element elementor-element-55edb32 e-con-full e-flex e-con e-child\" data-id=\"55edb32\" data-element_type=\"container\" data-settings=\"{&quot;_ha_eqh_enable&quot;:false}\">\n\t\t\t\t<\/div>\n\t\t\t\t\t<\/div>\n\t\t\t\t<\/div>\n\t\t\t\t<\/div>\n\t\t","protected":false},"excerpt":{"rendered":"Zimmer mit Landblick 2+2-Personen-Zimmer \u2013 20 m\u00b2 Dies sind unsere Zimmer mit Landblick. Die maximale Kapazit\u00e4t betr\u00e4gt 2 Erwachsene + 2 Kinder. Zimmer mit Meerblick 2+2-Personen-Zimmer &#8211; 20 m\u00b2 Dies sind unsere Zimmer mit Meerblick. Die maximale Kapazit\u00e4t betr\u00e4gt 3 Erwachsene oder 2 Erwachsene + 2 Kinder. Gro\u00dfes Zimmer Zimmer f\u00fcr 4 Personen &#8211; 25 ","protected":false},"author":1,"featured_media":0,"parent":0,"menu_order":0,"comment_status":"closed","ping_status":"closed","template":"","meta":{"footnotes":""},"class_list":["post-3320","page","type-page","status-publish","hentry"],"_links":{"self":[{"href":"https:\/\/seaphoriabeach.com\/de\/wp-json\/wp\/v2\/pages\/3320","targetHints":{"allow":["GET"]}}],"collection":[{"href":"https:\/\/seaphoriabeach.com\/de\/wp-json\/wp\/v2\/pages"}],"about":[{"href":"https:\/\/seaphoriabeach.com\/de\/wp-json\/wp\/v2\/types\/page"}],"author":[{"embeddable":true,"href":"https:\/\/seaphoriabeach.com\/de\/wp-json\/wp\/v2\/users\/1"}],"replies":[{"embeddable":true,"href":"https:\/\/seaphoriabeach.com\/de\/wp-json\/wp\/v2\/comments?post=3320"}],"version-history":[{"count":3,"href":"https:\/\/seaphoriabeach.com\/de\/wp-json\/wp\/v2\/pages\/3320\/revisions"}],"predecessor-version":[{"id":3390,"href":"https:\/\/seaphoriabeach.com\/de\/wp-json\/wp\/v2\/pages\/3320\/revisions\/3390"}],"wp:attachment":[{"href":"https:\/\/seaphoriabeach.com\/de\/wp-json\/wp\/v2\/media?parent=3320"}],"curies":[{"name":"wp","href":"https:\/\/api.w.org\/{rel}","templated":true}]}}