{"id":3311,"date":"2021-12-18T12:42:24","date_gmt":"2021-12-18T09:42:24","guid":{"rendered":"https:\/\/seaphoriabeach.com\/home\/"},"modified":"2026-04-17T11:18:10","modified_gmt":"2026-04-17T08:18:10","slug":"home","status":"publish","type":"page","link":"https:\/\/seaphoriabeach.com\/de\/","title":{"rendered":"Home"},"content":{"rendered":"\t\t<div data-elementor-type=\"wp-page\" data-elementor-id=\"3311\" class=\"elementor elementor-3311\" data-elementor-settings=\"{&quot;ha_cmc_init_switcher&quot;:&quot;no&quot;}\" data-elementor-post-type=\"page\">\n\t\t\t\t\t\t<section class=\"elementor-section elementor-top-section elementor-element elementor-element-1091cf5 elementor-section-full_width elementor-section-height-default elementor-section-height-default\" data-id=\"1091cf5\" data-element_type=\"section\" data-settings=\"{&quot;background_background&quot;:&quot;classic&quot;,&quot;_ha_eqh_enable&quot;:false}\">\n\t\t\t\t\t\t\t<div class=\"elementor-background-overlay\"><\/div>\n\t\t\t\t\t\t\t<div class=\"elementor-container elementor-column-gap-no\">\n\t\t\t\t\t<div class=\"elementor-column elementor-col-100 elementor-top-column elementor-element elementor-element-233f974\" data-id=\"233f974\" data-element_type=\"column\">\n\t\t\t<div class=\"elementor-widget-wrap elementor-element-populated\">\n\t\t\t\t\t\t<div class=\"elementor-element elementor-element-e4fc722 elementor--h-position-center elementor--v-position-middle elementor-widget elementor-widget-slides\" data-id=\"e4fc722\" data-element_type=\"widget\" data-settings=\"{&quot;navigation&quot;:&quot;none&quot;,&quot;autoplay&quot;:&quot;yes&quot;,&quot;pause_on_hover&quot;:&quot;yes&quot;,&quot;pause_on_interaction&quot;:&quot;yes&quot;,&quot;autoplay_speed&quot;:5000,&quot;infinite&quot;:&quot;yes&quot;,&quot;transition&quot;:&quot;slide&quot;,&quot;transition_speed&quot;:500}\" data-widget_type=\"slides.default\">\n\t\t\t\t<div class=\"elementor-widget-container\">\n\t\t\t\t\t\t\t<div class=\"elementor-swiper\">\n\t\t\t<div class=\"elementor-slides-wrapper elementor-main-swiper swiper\" dir=\"ltr\" data-animation=\"\">\n\t\t\t\t<div class=\"swiper-wrapper elementor-slides\">\n\t\t\t\t\t\t\t\t\t\t<div class=\"elementor-repeater-item-bf23ec0 swiper-slide\"><div class=\"swiper-slide-bg elementor-ken-burns elementor-ken-burns--in\" role=\"img\"><\/div><div class=\"swiper-slide-inner\" ><div class=\"swiper-slide-contents\"><div class=\"elementor-slide-heading\">Seaphoria Hotel <\/div><div class=\"elementor-slide-description\">Alanya  - Antalya \/ T\u00dcRK\u0130YE<\/div><\/div><\/div><\/div><div class=\"elementor-repeater-item-0a79fba swiper-slide\"><div class=\"swiper-slide-bg elementor-ken-burns elementor-ken-burns--in\" role=\"img\"><\/div><div class=\"swiper-slide-inner\" ><div class=\"swiper-slide-contents\"><div class=\"elementor-slide-heading\">Seaphoria Hotel<\/div><div class=\"elementor-slide-description\">Alanya  - Antalya \/ T\u00dcRK\u0130YE<\/div><\/div><\/div><\/div><div class=\"elementor-repeater-item-cadadc2 swiper-slide\"><div class=\"swiper-slide-bg elementor-ken-burns elementor-ken-burns--in\" role=\"img\"><\/div><div class=\"swiper-slide-inner\" ><div class=\"swiper-slide-contents\"><div class=\"elementor-slide-heading\">Seaphoria Hotel<\/div><div class=\"elementor-slide-description\">Alanya  - Antalya \/ T\u00dcRK\u0130YE<\/div><\/div><\/div><\/div><div class=\"elementor-repeater-item-3d53d21 swiper-slide\"><div class=\"swiper-slide-bg elementor-ken-burns elementor-ken-burns--in\" role=\"img\"><\/div><div class=\"swiper-slide-inner\" ><div class=\"swiper-slide-contents\"><div class=\"elementor-slide-heading\">Seaphoria Hotel<\/div><div class=\"elementor-slide-description\">Alanya  - Antalya \/ T\u00dcRK\u0130YE<\/div><\/div><\/div><\/div>\t\t\t\t<\/div>\n\t\t\t\t\t\t\t\t\t\t\t\t\t\t\t\t\t\t\t\t\t<\/div>\n\t\t<\/div>\n\t\t\t\t\t\t<\/div>\n\t\t\t\t<\/div>\n\t\t\t\t\t<\/div>\n\t\t<\/div>\n\t\t\t\t\t<\/div>\n\t\t<\/section>\n\t\t<div class=\"elementor-element elementor-element-e7b38f7 e-flex e-con-boxed e-con e-parent\" data-id=\"e7b38f7\" data-element_type=\"container\" data-settings=\"{&quot;_ha_eqh_enable&quot;:false}\">\n\t\t\t\t\t<div class=\"e-con-inner\">\n\t\t\t\t<div class=\"elementor-element elementor-element-2f0cb76 elementor-widget elementor-widget-html\" data-id=\"2f0cb76\" data-element_type=\"widget\" data-widget_type=\"html.default\">\n\t\t\t\t<div class=\"elementor-widget-container\">\n\t\t\t\t\t<div id=\"hweb-widget-search-container\" data-domainname=\"seaphoriabeach.booktoweb.com\" ><\/div> \r\n<script type=\"text\/javascript\" src=\"https:\/\/seaphoriabeach.booktoweb.com\/widget\/widget-core.js?Lang=de\" ><\/script>\t\t\t\t<\/div>\n\t\t\t\t<\/div>\n\t\t\t\t\t<\/div>\n\t\t\t\t<\/div>\n\t\t\t\t<section class=\"elementor-section elementor-top-section elementor-element elementor-element-4a88fa8 elementor-section-full_width elementor-section-height-default elementor-section-height-default\" data-id=\"4a88fa8\" data-element_type=\"section\">\n\t\t\t\t\t\t<div class=\"elementor-container elementor-column-gap-no\">\n\t\t\t\t\t<div class=\"elementor-column elementor-col-100 elementor-top-column elementor-element elementor-element-0071d34\" data-id=\"0071d34\" data-element_type=\"column\">\n\t\t\t<div class=\"elementor-widget-wrap elementor-element-populated\">\n\t\t\t\t\t\t<div class=\"elementor-element elementor-element-74fb287 elementor-widget elementor-widget-wpo-parador_about\" data-id=\"74fb287\" data-element_type=\"widget\" data-settings=\"{&quot;about_image&quot;:{&quot;url&quot;:&quot;https:\\\/\\\/seaphoriabeach.com\\\/wp-content\\\/uploads\\\/2024\\\/11\\\/dis13-Kopyala.webp&quot;,&quot;id&quot;:2829,&quot;size&quot;:&quot;&quot;,&quot;alt&quot;:&quot;&quot;,&quot;source&quot;:&quot;library&quot;}}\" data-widget_type=\"wpo-parador_about.default\">\n\t\t\t\t<div class=\"elementor-widget-container\">\n\t\t\t\t\t\t\t<div class=\"parador-about wpo-about-section-s3\">\n\t\t\t<div class=\" container\">\n\t\t\t\t<div class=\"wpo-about-section-wrapper\">\n\t\t\t\t\t<div class=\"row align-items-center\">\n\t\t\t\t\t\t\t\t\t\t\t\t\t<div class=\"col-lg-6 col-md-12 col-12\">\n\t\t\t\t\t\t\t\t<div class=\"wpo-about-img\">\n\t\t\t\t\t\t\t\t\t<img decoding=\"async\" src=\"https:\/\/seaphoriabeach.com\/wp-content\/uploads\/2024\/11\/dis13-Kopyala.webp\" alt=\"\">\t\t\t\t\t\t\t\t<\/div>\n\t\t\t\t\t\t\t<\/div>\n\t\t\t\t\t\t\t\t\t\t\t\t<div class=\" col-lg-6 col-md-12 col-12\">\n\t\t\t\t\t\t\t<div class=\"wpo-about-content\">\n\t\t\t\t\t\t\t\t<div class=\"about-title\">\n\t\t\t\t\t\t\t\t\t<h2>F\u00fcr einen wundersch\u00f6nen Urlaub...<\/h2>\t\t\t\t\t\t\t\t<\/div>\n\t\t\t\t\t\t\t\t<div class=\"wpo-about-content-inner\">\n\t\t\t\t\t\t\t\t\t<div class=\"aboutText\"><p>Das Seaphoria Beach Resort in Alanya, einem beliebten Urlaubsort in Antalya, verspricht mit seiner Strandlage und dem Sand- und Kiesstrand einen unvergesslichen Urlaub. Die Zimmer des Resorts, die modernes Design mit stilvollen Linien verbinden, bieten einen komfortablen und ruhigen Aufenthalt. Das Resort bietet zudem M\u00f6glichkeiten f\u00fcr Wassersportarten wie Aerobic und Surfen und ist somit eine hervorragende Wahl f\u00fcr einen abwechslungsreichen Urlaub. Ein Miniclub, ein Kinderspielplatz und ein Kinderbecken sorgen f\u00fcr zus\u00e4tzlichen Spa\u00df bei den kleinen G\u00e4sten.<\/p><\/div>\t\t\t\t\t\t\t\t<\/div>\n\t\t\t\t\t\t\t<\/div>\n\t\t\t\t\t\t<\/div>\n\t\t\t\t\t<\/div>\n\t\t\t\t<\/div>\n\t\t\t<\/div>\n\t\t<\/div>\n\t\t\t\t<\/div>\n\t\t\t\t<\/div>\n\t\t\t\t\t<\/div>\n\t\t<\/div>\n\t\t\t\t\t<\/div>\n\t\t<\/section>\n\t\t<div class=\"elementor-element elementor-element-e683252 e-flex e-con-boxed e-con e-parent\" data-id=\"e683252\" data-element_type=\"container\" data-settings=\"{&quot;_ha_eqh_enable&quot;:false}\">\n\t\t\t\t\t<div class=\"e-con-inner\">\n\t\t\t\t<div class=\"elementor-element elementor-element-8b8ae2e elementor-widget elementor-widget-wpo-parador_feature\" data-id=\"8b8ae2e\" data-element_type=\"widget\" data-widget_type=\"wpo-parador_feature.default\">\n\t\t\t\t<div class=\"elementor-widget-container\">\n\t\t\t\t\t\t\t<div class=\"wpo-service-area\">\n\t\t\t<div class=\"wpo-service-wrap\">\n\t\t\t\t<div class=\"container\">\n\t\t\t\t\t<div class=\"row align-items-center\">\n\t\t\t\t\t\t<div class=\"col-xl-4 col-lg-8 col-12\">\n\t\t\t\t\t\t\t<div class=\"wpo-service-content\">\n\t\t\t\t\t\t\t\t<h2>All-Inclusive-Konzept<\/h2>\t\t\t\t\t\t\t<\/div>\n\t\t\t\t\t\t<\/div>\n\t\t\t\t\t\t<div class=\"col-xl-8 col-12\">\n\t\t\t\t\t\t\t<div class=\"wpo-service-items\">\n\t\t\t\t\t\t\t\t\t\t\t\t\t\t\t\t\t\t<div class=\"wpo-service-item\">\n\t\t\t\t\t\t\t\t\t\t\t<i class=\"fi flaticon-food-tray\"><\/i><h2>All Inclusive<\/h2>\t\t\t\t\t\t\t\t\t\t<\/div>\n\t\t\t\t\t\t\t\t\t\t\t\t\t\t\t\t\t\t<div class=\"wpo-service-item\">\n\t\t\t\t\t\t\t\t\t\t\t<i class=\"fi flaticon-expand-arrows\"><\/i><h2>Einfacher Zugang<\/h2>\t\t\t\t\t\t\t\t\t\t<\/div>\n\t\t\t\t\t\t\t\t\t\t\t\t\t\t\t\t\t\t<div class=\"wpo-service-item\">\n\t\t\t\t\t\t\t\t\t\t\t<i class=\"fi flaticon-swimmer\"><\/i><h2>Schwimmb\u00e4der<\/h2>\t\t\t\t\t\t\t\t\t\t<\/div>\n\t\t\t\t\t\t\t\t\t\t\t\t\t\t\t\t\t\t<div class=\"wpo-service-item\">\n\t\t\t\t\t\t\t\t\t\t\t<i class=\"fi flaticon-mortar\"><\/i><h2>Spa &amp; Wellnes<\/h2>\t\t\t\t\t\t\t\t\t\t<\/div>\n\t\t\t\t\t\t\t\t\t\t\t\t\t\t\t\t\t\t<div class=\"wpo-service-item\">\n\t\t\t\t\t\t\t\t\t\t\t<i class=\"fi flaticon-swimmer\"><\/i><h2>Wundersch\u00f6ner Strand<\/h2>\t\t\t\t\t\t\t\t\t\t<\/div>\n\t\t\t\t\t\t\t\t\t\t\t\t\t\t\t\t\t\t<div class=\"wpo-service-item\">\n\t\t\t\t\t\t\t\t\t\t\t<i class=\"fi flaticon-wifi\"><\/i><h2>Wi-Fi<\/h2>\t\t\t\t\t\t\t\t\t\t<\/div>\n\t\t\t\t\t\t\t\t\t\t\t\t\t\t\t\t\t\t<div class=\"wpo-service-item\">\n\t\t\t\t\t\t\t\t\t\t\t<i class=\"fi flaticon-cappuccino\"><\/i><h2>Caf\u00e9 &amp; Bar<\/h2>\t\t\t\t\t\t\t\t\t\t<\/div>\n\t\t\t\t\t\t\t\t\t\t\t\t\t\t\t\t\t\t<div class=\"wpo-service-item\">\n\t\t\t\t\t\t\t\t\t\t\t<i class=\"fi flaticon-more\"><\/i><h2>Animationen<\/h2>\t\t\t\t\t\t\t\t\t\t<\/div>\n\t\t\t\t\t\t\t\t\t\t\t\t\t\t\t<\/div>\n\t\t\t\t\t\t<\/div>\n\t\t\t\t\t<\/div>\n\t\t\t\t<\/div>\n\t\t\t<\/div>\n\t\t<\/div>\n\t\t\t\t<\/div>\n\t\t\t\t<\/div>\n\t\t\t\t\t<\/div>\n\t\t\t\t<\/div>\n\t\t<div class=\"elementor-element elementor-element-22ed54a e-flex e-con-boxed e-con e-parent\" data-id=\"22ed54a\" data-element_type=\"container\" data-settings=\"{&quot;_ha_eqh_enable&quot;:false}\">\n\t\t\t\t\t<div class=\"e-con-inner\">\n\t\t\t\t<div class=\"elementor-element elementor-element-5dc3c0f elementor-headline--style-highlight elementor-widget elementor-widget-animated-headline\" data-id=\"5dc3c0f\" data-element_type=\"widget\" data-settings=\"{&quot;highlighted_text&quot;:&quot;Sie werden sich wie zu Hause f\\u00fchlen.&quot;,&quot;headline_style&quot;:&quot;highlight&quot;,&quot;marker&quot;:&quot;circle&quot;,&quot;loop&quot;:&quot;yes&quot;,&quot;highlight_animation_duration&quot;:1200,&quot;highlight_iteration_delay&quot;:8000}\" data-widget_type=\"animated-headline.default\">\n\t\t\t\t<div class=\"elementor-widget-container\">\n\t\t\t\t\t\t\t<h3 class=\"elementor-headline\">\n\t\t\t\t\t<span class=\"elementor-headline-plain-text elementor-headline-text-wrapper\">In unseren Zimmern<\/span>\n\t\t\t\t<span class=\"elementor-headline-dynamic-wrapper elementor-headline-text-wrapper\">\n\t\t\t\t\t<span class=\"elementor-headline-dynamic-text elementor-headline-text-active\">Sie werden sich wie zu Hause f\u00fchlen.<\/span>\n\t\t\t\t<\/span>\n\t\t\t\t<\/h3>\n\t\t\t\t\t\t<\/div>\n\t\t\t\t<\/div>\n\t\t\t\t\t<\/div>\n\t\t\t\t<\/div>\n\t\t<div class=\"elementor-element elementor-element-26aa264 e-flex e-con-boxed e-con e-parent\" data-id=\"26aa264\" data-element_type=\"container\" data-settings=\"{&quot;_ha_eqh_enable&quot;:false}\">\n\t\t\t\t\t<div class=\"e-con-inner\">\n\t\t<div class=\"elementor-element elementor-element-491c3b9 e-con-full e-flex e-con e-child\" data-id=\"491c3b9\" data-element_type=\"container\" data-settings=\"{&quot;_ha_eqh_enable&quot;:false}\">\n\t\t\t\t<div class=\"elementor-element elementor-element-589eb16 ha-card--top ha-card--tablet-top ha-card--mobile-top elementor-widget elementor-widget-ha-card happy-addon ha-card\" data-id=\"589eb16\" data-element_type=\"widget\" data-widget_type=\"ha-card.default\">\n\t\t\t\t<div class=\"elementor-widget-container\">\n\t\t\t\t\t\r\n\t\t\t\t\t<figure class=\"ha-card-figure\">\r\n\t\t\t\t<img fetchpriority=\"high\" decoding=\"async\" width=\"1024\" height=\"683\" src=\"https:\/\/seaphoriabeach.com\/wp-content\/uploads\/2024\/11\/oda5-Kopyala-Kopyala-1024x683.jpg\" class=\"attachment-large size-large wp-image-3000\" alt=\"\" srcset=\"https:\/\/seaphoriabeach.com\/wp-content\/uploads\/2024\/11\/oda5-Kopyala-Kopyala-1024x683.jpg 1024w, https:\/\/seaphoriabeach.com\/wp-content\/uploads\/2024\/11\/oda5-Kopyala-Kopyala-300x200.jpg 300w, https:\/\/seaphoriabeach.com\/wp-content\/uploads\/2024\/11\/oda5-Kopyala-Kopyala-768x512.jpg 768w, https:\/\/seaphoriabeach.com\/wp-content\/uploads\/2024\/11\/oda5-Kopyala-Kopyala.jpg 1148w\" sizes=\"(max-width: 1024px) 100vw, 1024px\" \/>\t\t\t\t\t\t\t<\/figure>\r\n\t\t\r\n\t\t<div class=\"ha-card-body\">\r\n\r\n\t\t\t<h2 class=\"ha-card-title\">Unsere Zimmer mit Blick ins Landesinnere<\/h2>\r\n\t\t\t\t\t\t\t<div class=\"ha-card-text\">\r\n\t\t\t\t\t<p>2+2-Personen-Zimmer \u2013 20 m\u00b2<br> Dies sind unsere Zimmer mit Blick ins Gr\u00fcne. Maximale Belegung: 2 Erwachsene + 2 Kinder.<\/p>\r\n\t\t\t\t<\/div>\r\n\t\t\t\r\n\t\t\t\t\t<\/div>\r\n\t\t\t\t\t\t<\/div>\n\t\t\t\t<\/div>\n\t\t\t\t<\/div>\n\t\t<div class=\"elementor-element elementor-element-6167456 e-con-full e-flex e-con e-child\" data-id=\"6167456\" data-element_type=\"container\" data-settings=\"{&quot;_ha_eqh_enable&quot;:false}\">\n\t\t\t\t<div class=\"elementor-element elementor-element-5ca4079 ha-card--top ha-card--tablet-top ha-card--mobile-top elementor-widget elementor-widget-ha-card happy-addon ha-card\" data-id=\"5ca4079\" data-element_type=\"widget\" data-widget_type=\"ha-card.default\">\n\t\t\t\t<div class=\"elementor-widget-container\">\n\t\t\t\t\t\r\n\t\t\t\t\t<figure class=\"ha-card-figure\">\r\n\t\t\t\t<img decoding=\"async\" width=\"1024\" height=\"683\" src=\"https:\/\/seaphoriabeach.com\/wp-content\/uploads\/2024\/11\/oda4-Kopyala-Kopyala-1024x683.jpg\" class=\"attachment-large size-large wp-image-3002\" alt=\"\" srcset=\"https:\/\/seaphoriabeach.com\/wp-content\/uploads\/2024\/11\/oda4-Kopyala-Kopyala-1024x683.jpg 1024w, https:\/\/seaphoriabeach.com\/wp-content\/uploads\/2024\/11\/oda4-Kopyala-Kopyala-300x200.jpg 300w, https:\/\/seaphoriabeach.com\/wp-content\/uploads\/2024\/11\/oda4-Kopyala-Kopyala-768x512.jpg 768w, https:\/\/seaphoriabeach.com\/wp-content\/uploads\/2024\/11\/oda4-Kopyala-Kopyala.jpg 1168w\" sizes=\"(max-width: 1024px) 100vw, 1024px\" \/>\t\t\t\t\t\t\t<\/figure>\r\n\t\t\r\n\t\t<div class=\"ha-card-body\">\r\n\r\n\t\t\t<h2 class=\"ha-card-title\">Unsere Zimmer mit Meerblick<\/h2>\r\n\t\t\t\t\t\t\t<div class=\"ha-card-text\">\r\n\t\t\t\t\t<p>2+2-Personen-Zimmer \u2013 20 m\u00b2 <br> Dies sind unsere Zimmer mit Meerblick. Maximale Belegung: 3 Erwachsene oder 2 Erwachsene + 2 Kinder.<\/p>\r\n\t\t\t\t<\/div>\r\n\t\t\t\r\n\t\t\t\t\t<\/div>\r\n\t\t\t\t\t\t<\/div>\n\t\t\t\t<\/div>\n\t\t\t\t<\/div>\n\t\t<div class=\"elementor-element elementor-element-b16efe9 e-con-full e-flex e-con e-child\" data-id=\"b16efe9\" data-element_type=\"container\" data-settings=\"{&quot;_ha_eqh_enable&quot;:false}\">\n\t\t\t\t<div class=\"elementor-element elementor-element-318f5b8 ha-card--top ha-card--tablet-top ha-card--mobile-top elementor-widget elementor-widget-ha-card happy-addon ha-card\" data-id=\"318f5b8\" data-element_type=\"widget\" data-widget_type=\"ha-card.default\">\n\t\t\t\t<div class=\"elementor-widget-container\">\n\t\t\t\t\t\r\n\t\t\t\t\t<figure class=\"ha-card-figure\">\r\n\t\t\t\t<img decoding=\"async\" width=\"1024\" height=\"683\" src=\"https:\/\/seaphoriabeach.com\/wp-content\/uploads\/2024\/11\/oda3-Kopyala-Kopyala-1024x683.jpg\" class=\"attachment-large size-large wp-image-3003\" alt=\"\" srcset=\"https:\/\/seaphoriabeach.com\/wp-content\/uploads\/2024\/11\/oda3-Kopyala-Kopyala-1024x683.jpg 1024w, https:\/\/seaphoriabeach.com\/wp-content\/uploads\/2024\/11\/oda3-Kopyala-Kopyala-300x200.jpg 300w, https:\/\/seaphoriabeach.com\/wp-content\/uploads\/2024\/11\/oda3-Kopyala-Kopyala-768x512.jpg 768w, https:\/\/seaphoriabeach.com\/wp-content\/uploads\/2024\/11\/oda3-Kopyala-Kopyala.jpg 1116w\" sizes=\"(max-width: 1024px) 100vw, 1024px\" \/>\t\t\t\t\t\t\t<\/figure>\r\n\t\t\r\n\t\t<div class=\"ha-card-body\">\r\n\r\n\t\t\t<h2 class=\"ha-card-title\">Unsere ger\u00e4umigen Familienzimmer<\/h2>\r\n\t\t\t\t\t\t\t<div class=\"ha-card-text\">\r\n\t\t\t\t\t<p>4-Personen-Zimmer \u2013 25 m\u00b2 <br> Dies sind unsere ger\u00e4umigen Zimmer. Sie bieten Platz f\u00fcr maximal 4 Erwachsene oder 3 Erwachsene und 1 Kind.<\/p>\r\n\t\t\t\t<\/div>\r\n\t\t\t\r\n\t\t\t\t\t<\/div>\r\n\t\t\t\t\t\t<\/div>\n\t\t\t\t<\/div>\n\t\t\t\t<\/div>\n\t\t\t\t\t<\/div>\n\t\t\t\t<\/div>\n\t\t\t\t<section class=\"elementor-section elementor-top-section elementor-element elementor-element-3a8a13f elementor-section-full_width elementor-section-height-default elementor-section-height-default\" data-id=\"3a8a13f\" data-element_type=\"section\" data-settings=\"{&quot;background_background&quot;:&quot;slideshow&quot;,&quot;background_slideshow_gallery&quot;:[{&quot;id&quot;:2838,&quot;url&quot;:&quot;https:\\\/\\\/seaphoriabeach.com\\\/wp-content\\\/uploads\\\/2024\\\/11\\\/oda3-Kopyala.webp&quot;},{&quot;id&quot;:2832,&quot;url&quot;:&quot;https:\\\/\\\/seaphoriabeach.com\\\/wp-content\\\/uploads\\\/2024\\\/11\\\/lobi3-Kopyala.webp&quot;},{&quot;id&quot;:2816,&quot;url&quot;:&quot;https:\\\/\\\/seaphoriabeach.com\\\/wp-content\\\/uploads\\\/2024\\\/11\\\/dis2-Kopyala.webp&quot;}],&quot;background_slideshow_loop&quot;:&quot;yes&quot;,&quot;background_slideshow_slide_duration&quot;:5000,&quot;background_slideshow_slide_transition&quot;:&quot;fade&quot;,&quot;background_slideshow_transition_duration&quot;:500,&quot;_ha_eqh_enable&quot;:false}\">\n\t\t\t\t\t\t<div class=\"elementor-container elementor-column-gap-no\">\n\t\t\t\t\t<div class=\"elementor-column elementor-col-100 elementor-top-column elementor-element elementor-element-5b57497\" data-id=\"5b57497\" data-element_type=\"column\" data-settings=\"{&quot;background_background&quot;:&quot;slideshow&quot;,&quot;background_slideshow_gallery&quot;:[{&quot;id&quot;:1912,&quot;url&quot;:&quot;https:\\\/\\\/seaphoriabeach.com\\\/wp-content\\\/uploads\\\/2024\\\/10\\\/431086146.jpg&quot;},{&quot;id&quot;:1756,&quot;url&quot;:&quot;https:\\\/\\\/seaphoriabeach.com\\\/wp-content\\\/uploads\\\/2024\\\/10\\\/MiramorHotel-118-Kopyala.webp&quot;},{&quot;id&quot;:1755,&quot;url&quot;:&quot;https:\\\/\\\/seaphoriabeach.com\\\/wp-content\\\/uploads\\\/2024\\\/10\\\/MiramorHotel-1-Kopyala.webp&quot;}],&quot;background_slideshow_loop&quot;:&quot;yes&quot;,&quot;background_slideshow_slide_duration&quot;:5000,&quot;background_slideshow_slide_transition&quot;:&quot;fade&quot;,&quot;background_slideshow_transition_duration&quot;:500}\">\n\t\t\t<div class=\"elementor-widget-wrap elementor-element-populated\">\n\t\t\t\t\t\t<div class=\"elementor-element elementor-element-d8b013c ha-has-bg-overlay elementor-widget elementor-widget-wpo-parador_about\" data-id=\"d8b013c\" data-element_type=\"widget\" data-widget_type=\"wpo-parador_about.default\">\n\t\t\t\t<div class=\"elementor-widget-container\">\n\t\t\t\t\t\t\t<div class=\"parador-about wpo-about-section-s2\">\n\t\t\t<div class=\" container-fluid\">\n\t\t\t\t<div class=\"wpo-about-section-wrapper\">\n\t\t\t\t\t<div class=\"row align-items-center\">\n\t\t\t\t\t\t\t\t\t\t\t\t<div class=\" col-xl-5 col-lg-6 col-md-8 col-12 offset-xl-6 offset-lg-4 offset-md-2\">\n\t\t\t\t\t\t\t<div class=\"wpo-about-content\">\n\t\t\t\t\t\t\t\t<div class=\"about-title\">\n\t\t\t\t\t\t\t\t\t<span>FR\u00dcHBUCHEN<\/span><h2>Verpassen Sie nicht die sich bietenden Chancen.<\/h2>\t\t\t\t\t\t\t\t<\/div>\n\t\t\t\t\t\t\t\t<div class=\"wpo-about-content-inner\">\n\t\t\t\t\t\t\t\t\t\t\t\t\t\t\t\t\t\t\t<div class=\"about-info-wrap\">\n\t\t\t\t\t\t\t\t\t\t\t<div class=\"about-info-left\">\n\t\t\t\t\t\t\t\t\t\t\t\t\t\t\t\t\t\t\t\t\t\t\t\t<ul>\n\t\t\t\t\t\t\t\t\t\t\t\t\t\t\t\t\t\t\t\t\t\t\t\t\t\t\t<li><i class=\"fa fa-star\" aria-hidden=\"true\"><\/i><\/li>\n\t\t\t\t\t\t\t\t\t\t\t\t\t\t<li><i class=\"fa fa-star\" aria-hidden=\"true\"><\/i><\/li>\n\t\t\t\t\t\t\t\t\t\t\t\t\t\t<li><i class=\"fa fa-star\" aria-hidden=\"true\"><\/i><\/li>\n\t\t\t\t\t\t\t\t\t\t\t\t\t\t<li><i class=\"fa fa-star\" aria-hidden=\"true\"><\/i><\/li>\n\t\t\t\t\t\t\t\t\t\t\t\t\t\t<li><i class=\"fa fa-star\" aria-hidden=\"true\"><\/i><\/li>\n\t\t\t\t\t\t\t\t\t\t\t\t\t\t\t\t\t\t\t\t\t\t\t\t\t<\/ul>\n\t\t\t\t\t\t\t\t\t\t\t<\/div>\n\t\t\t\t\t\t\t\t\t\t\t<div class=\"about-info-right\">\n\t\t\t\t\t\t\t\t\t\t\t\t\t\t\t\t\t\t\t\t\t\t\t<\/div>\n\t\t\t\t\t\t\t\t\t\t\t<a href=\"https:\/\/seaphoriabeach.com\/odalarimiz\/\"   class=\"theme-btn\" >Buchen Sie ein Zimmer<\/a>\t\t\t\t\t\t\t\t\t\t<\/div>\n\t\t\t\t\t\t\t\t\t\t\t\t\t\t\t\t\t<\/div>\n\t\t\t\t\t\t\t<\/div>\n\t\t\t\t\t\t<\/div>\n\t\t\t\t\t<\/div>\n\t\t\t\t<\/div>\n\t\t\t<\/div>\n\t\t<\/div>\n\t\t\t\t<\/div>\n\t\t\t\t<\/div>\n\t\t\t\t\t<\/div>\n\t\t<\/div>\n\t\t\t\t\t<\/div>\n\t\t<\/section>\n\t\t\t\t<section class=\"elementor-section elementor-top-section elementor-element elementor-element-e46e843 elementor-section-full_width elementor-section-height-default elementor-section-height-default\" data-id=\"e46e843\" data-element_type=\"section\" data-settings=\"{&quot;_ha_eqh_enable&quot;:false}\">\n\t\t\t\t\t\t<div class=\"elementor-container elementor-column-gap-no\">\n\t\t\t\t\t<div class=\"elementor-column elementor-col-100 elementor-top-column elementor-element elementor-element-823119f\" data-id=\"823119f\" data-element_type=\"column\">\n\t\t\t<div class=\"elementor-widget-wrap elementor-element-populated\">\n\t\t\t\t\t\t<div class=\"elementor-element elementor-element-fd851f3 elementor-widget elementor-widget-wpo-parador_testimonial\" data-id=\"fd851f3\" data-element_type=\"widget\" data-widget_type=\"wpo-parador_testimonial.default\">\n\t\t\t\t<div class=\"elementor-widget-container\">\n\t\t\t\t\t\t\t<div class=\"wpo-testimonial-area\">\n\t\t\t<div class=\"container\">\n\t\t\t\t<div class=\"wpo-testimonial-wrap\">\n\t\t\t\t\t<div class=\"testimonial-slider owl-carousel\">\n\t\t\t\t\t\t\t\t\t\t\t\t\t\t<div class=\"wpo-testimonial-item\">\n\t\t\t\t\t\t\t\t\t<div class=\"wpo-testimonial-img\">\n\t\t\t\t\t\t\t\t\t\t<img decoding=\"async\" src=\"https:\/\/seaphoriabeach.com\/wp-content\/uploads\/2021\/12\/testi-1.jpg\" alt=\"\">\t\t\t\t\t\t\t\t\t<\/div>\n\t\t\t\t\t\t\t\t\t<div class=\"wpo-testimonial-content\">\n\t\t\t\t\t\t\t\t\t\t<p>Wir hatten einen wundersch\u00f6nen Urlaub mit meiner Familie. Die Lage, das Meer und der Pool waren traumhaft. Wir kommen n\u00e4chstes Jahr auf jeden Fall wieder.<\/p><h2>Elisabeth Marvel<\/h2><span>Photographer<\/span>\t\t\t\t\t\t\t\t\t<\/div>\n\t\t\t\t\t\t\t\t<\/div>\n\t\t\t\t\t\t\t\t\t\t\t\t\t\t<div class=\"wpo-testimonial-item\">\n\t\t\t\t\t\t\t\t\t<div class=\"wpo-testimonial-img\">\n\t\t\t\t\t\t\t\t\t\t<img decoding=\"async\" src=\"https:\/\/seaphoriabeach.com\/wp-content\/uploads\/2021\/12\/service-6.jpg\" alt=\"\">\t\t\t\t\t\t\t\t\t<\/div>\n\t\t\t\t\t\t\t\t\t<div class=\"wpo-testimonial-content\">\n\t\t\t\t\t\t\t\t\t\t<p>Das Hotel ist einfach fantastisch. Die Kinder wollten den Pool gar nicht verlassen, und wir haben das Meer geliebt.<\/p><h2>William Robert<\/h2><span>Ev Han\u0131m\u0131<\/span>\t\t\t\t\t\t\t\t\t<\/div>\n\t\t\t\t\t\t\t\t<\/div>\n\t\t\t\t\t\t\t\t\t\t\t<\/div>\n\t\t\t\t<\/div>\n\t\t\t<\/div>\n\t\t<\/div>\n\t\t\t\t<\/div>\n\t\t\t\t<\/div>\n\t\t\t\t\t<\/div>\n\t\t<\/div>\n\t\t\t\t\t<\/div>\n\t\t<\/section>\n\t\t\t\t<\/div>\n\t\t","protected":false},"excerpt":{"rendered":"Seaphoria Hotel Alanya &#8211; Antalya \/ T\u00dcRK\u0130YESeaphoria HotelAlanya &#8211; Antalya \/ T\u00dcRK\u0130YESeaphoria HotelAlanya &#8211; Antalya \/ T\u00dcRK\u0130YESeaphoria HotelAlanya &#8211; Antalya \/ T\u00dcRK\u0130YE F\u00fcr einen wundersch\u00f6nen Urlaub&#8230; Das Seaphoria Beach Resort in Alanya, einem beliebten Urlaubsort in Antalya, verspricht mit seiner Strandlage und dem Sand- und Kiesstrand einen unvergesslichen Urlaub. Die Zimmer des Resorts, die modernes ","protected":false},"author":1,"featured_media":0,"parent":0,"menu_order":0,"comment_status":"closed","ping_status":"closed","template":"elementor_header_footer","meta":{"footnotes":""},"class_list":["post-3311","page","type-page","status-publish","hentry"],"_links":{"self":[{"href":"https:\/\/seaphoriabeach.com\/de\/wp-json\/wp\/v2\/pages\/3311","targetHints":{"allow":["GET"]}}],"collection":[{"href":"https:\/\/seaphoriabeach.com\/de\/wp-json\/wp\/v2\/pages"}],"about":[{"href":"https:\/\/seaphoriabeach.com\/de\/wp-json\/wp\/v2\/types\/page"}],"author":[{"embeddable":true,"href":"https:\/\/seaphoriabeach.com\/de\/wp-json\/wp\/v2\/users\/1"}],"replies":[{"embeddable":true,"href":"https:\/\/seaphoriabeach.com\/de\/wp-json\/wp\/v2\/comments?post=3311"}],"version-history":[{"count":30,"href":"https:\/\/seaphoriabeach.com\/de\/wp-json\/wp\/v2\/pages\/3311\/revisions"}],"predecessor-version":[{"id":3660,"href":"https:\/\/seaphoriabeach.com\/de\/wp-json\/wp\/v2\/pages\/3311\/revisions\/3660"}],"wp:attachment":[{"href":"https:\/\/seaphoriabeach.com\/de\/wp-json\/wp\/v2\/media?parent=3311"}],"curies":[{"name":"wp","href":"https:\/\/api.w.org\/{rel}","templated":true}]}}