{"id":3308,"date":"2024-10-29T12:01:12","date_gmt":"2024-10-29T09:01:12","guid":{"rendered":"https:\/\/seaphoriabeach.com\/services\/"},"modified":"2024-12-08T16:17:15","modified_gmt":"2024-12-08T13:17:15","slug":"services","status":"publish","type":"page","link":"https:\/\/seaphoriabeach.com\/de\/services\/","title":{"rendered":"Hizmetler"},"content":{"rendered":"\t\t<div data-elementor-type=\"wp-page\" data-elementor-id=\"3308\" class=\"elementor elementor-3308\" data-elementor-settings=\"{&quot;ha_cmc_init_switcher&quot;:&quot;no&quot;}\" data-elementor-post-type=\"page\">\n\t\t\t\t<div class=\"elementor-element elementor-element-e2e9c26 e-flex e-con-boxed e-con e-parent\" data-id=\"e2e9c26\" data-element_type=\"container\" data-settings=\"{&quot;_ha_eqh_enable&quot;:false}\">\n\t\t\t\t\t<div class=\"e-con-inner\">\n\t\t\t\t<div class=\"elementor-element elementor-element-8a8ebb0 elementor-headline--style-highlight elementor-widget elementor-widget-animated-headline\" data-id=\"8a8ebb0\" data-element_type=\"widget\" data-settings=\"{&quot;highlighted_text&quot;:&quot;Alles inklusive&quot;,&quot;headline_style&quot;:&quot;highlight&quot;,&quot;marker&quot;:&quot;circle&quot;,&quot;loop&quot;:&quot;yes&quot;,&quot;highlight_animation_duration&quot;:1200,&quot;highlight_iteration_delay&quot;:8000}\" data-widget_type=\"animated-headline.default\">\n\t\t\t\t<div class=\"elementor-widget-container\">\n\t\t\t\t\t\t\t<h3 class=\"elementor-headline\">\n\t\t\t\t\t<span class=\"elementor-headline-plain-text elementor-headline-text-wrapper\">Seaphoria Hotel<\/span>\n\t\t\t\t<span class=\"elementor-headline-dynamic-wrapper elementor-headline-text-wrapper\">\n\t\t\t\t\t<span class=\"elementor-headline-dynamic-text elementor-headline-text-active\">Alles inklusive<\/span>\n\t\t\t\t<\/span>\n\t\t\t\t<\/h3>\n\t\t\t\t\t\t<\/div>\n\t\t\t\t<\/div>\n\t\t\t\t\t<\/div>\n\t\t\t\t<\/div>\n\t\t<div class=\"elementor-element elementor-element-e1fe92d e-grid e-con-boxed e-con e-parent\" data-id=\"e1fe92d\" data-element_type=\"container\" data-settings=\"{&quot;_ha_eqh_enable&quot;:false}\">\n\t\t\t\t\t<div class=\"e-con-inner\">\n\t\t\t\t<div class=\"elementor-element elementor-element-62f8630 elementor-widget elementor-widget-text-editor\" data-id=\"62f8630\" data-element_type=\"widget\" data-widget_type=\"text-editor.default\">\n\t\t\t\t<div class=\"elementor-widget-container\">\n\t\t\t\t\t\t\t\t\t<p>Funktionen des Ultra-All-Inclusive-Konzepts<\/p><p>Fr\u00fchst\u00fcck (zwischen 07:00 und 10:00 Uhr)<br \/>Sp\u00e4tes Fr\u00fchst\u00fcck (zwischen 10:00 und 10:30 Uhr)<br \/>Mittagessen (zwischen 12:30 und 14:30 Uhr)<br \/>Abendessen (zwischen 19:00 und 21:00 Uhr)<br \/>Snack (zwischen 12:00 und 16:00 Uhr)<br \/>Patisserie (Kuchen, Geb\u00e4ck, Geb\u00e4ck) (zwischen 16:00 und 18:00 Uhr)<br \/>Eiszeit (12:00-16:00)<br \/>Nachtsuppe (zwischen 23:00 und 01:00 Uhr)<\/p><p>A&#8217;La-Carte-Restaurants;<\/p><p>Wine House International A&#8217;La Carte Restaurant (zwischen 19:00 und 21:00 Uhr) (mit Reservierung) (Einmal kostenlos bei einem Mindestaufenthalt von 7 N\u00e4chten.)<\/p>\t\t\t\t\t\t\t\t<\/div>\n\t\t\t\t<\/div>\n\t\t\t\t<div class=\"elementor-element elementor-element-fbc0235 elementor-widget elementor-widget-text-editor\" data-id=\"fbc0235\" data-element_type=\"widget\" data-widget_type=\"text-editor.default\">\n\t\t\t\t<div class=\"elementor-widget-container\">\n\t\t\t\t\t\t\t\t\t<p>Barren;<\/p><p>Lobbybar (24 Stunden ge\u00f6ffnet)<br \/>Poolbar (zwischen 10:00 und 18:00 Uhr)<br \/>Strandbar (zwischen 18:00 und 00:00 Uhr)<\/p><p>Fr\u00fchst\u00fcck, Mittag- und Abendessen sind offene Buffets, lokale alkoholische Getr\u00e4nke der von der Einrichtung festgelegten Marken sind bis 02:00 Uhr kostenlos und alkoholfreie Getr\u00e4nke sind rund um die Uhr kostenlos. Eisservice und Geburtstagskuchen sind kostenlos. F\u00fcr das A&#8217;La-Carte-Restaurant ist eine Reservierung erforderlich. Reservierungen m\u00fcssen eine Woche im Voraus erfolgen.<\/p>\t\t\t\t\t\t\t\t<\/div>\n\t\t\t\t<\/div>\n\t\t\t\t\t<\/div>\n\t\t\t\t<\/div>\n\t\t<div class=\"elementor-element elementor-element-adb44e4 e-flex e-con-boxed e-con e-parent\" data-id=\"adb44e4\" data-element_type=\"container\" data-settings=\"{&quot;_ha_eqh_enable&quot;:false}\">\n\t\t\t\t\t<div class=\"e-con-inner\">\n\t\t<div class=\"elementor-element elementor-element-ce77209 e-con-full e-flex e-con e-child\" data-id=\"ce77209\" data-element_type=\"container\" data-settings=\"{&quot;_ha_eqh_enable&quot;:false}\">\n\t\t\t\t<div class=\"elementor-element elementor-element-e7663aa ha-card--top ha-card--tablet-top ha-card--mobile-top elementor-widget elementor-widget-ha-card happy-addon ha-card\" data-id=\"e7663aa\" data-element_type=\"widget\" data-widget_type=\"ha-card.default\">\n\t\t\t\t<div class=\"elementor-widget-container\">\n\t\t\t\t\t\r\n\t\t\t\t\t<figure class=\"ha-card-figure\">\r\n\t\t\t\t<img fetchpriority=\"high\" decoding=\"async\" width=\"756\" height=\"529\" src=\"https:\/\/seaphoriabeach.com\/wp-content\/uploads\/2024\/11\/capture_20241119123239847.bmp\" class=\"attachment-large size-large wp-image-2896\" alt=\"\" \/>\t\t\t\t\t\t\t<\/figure>\r\n\t\t\r\n\t\t<div class=\"ha-card-body\">\r\n\r\n\t\t\t<h2 class=\"ha-card-title\">Animationen<\/h2>\r\n\t\t\t\r\n\t\t\t\t\t<\/div>\r\n\t\t\t\t\t\t<\/div>\n\t\t\t\t<\/div>\n\t\t\t\t<div class=\"elementor-element elementor-element-973d2bc ha-card--top ha-card--tablet-top ha-card--mobile-top elementor-widget elementor-widget-ha-card happy-addon ha-card\" data-id=\"973d2bc\" data-element_type=\"widget\" data-widget_type=\"ha-card.default\">\n\t\t\t\t<div class=\"elementor-widget-container\">\n\t\t\t\t\t\r\n\t\t\t\t\t<figure class=\"ha-card-figure\">\r\n\t\t\t\t<img decoding=\"async\" width=\"289\" height=\"175\" src=\"https:\/\/seaphoriabeach.com\/wp-content\/uploads\/2024\/11\/images.jpg\" class=\"attachment-large size-large wp-image-2985\" alt=\"\" \/>\t\t\t\t\t\t\t<\/figure>\r\n\t\t\r\n\t\t<div class=\"ha-card-body\">\r\n\r\n\t\t\t<h2 class=\"ha-card-title\">Tischtennis<\/h2>\r\n\t\t\t\r\n\t\t\t\t\t<\/div>\r\n\t\t\t\t\t\t<\/div>\n\t\t\t\t<\/div>\n\t\t\t\t<\/div>\n\t\t<div class=\"elementor-element elementor-element-c4e2af4 e-con-full e-flex e-con e-child\" data-id=\"c4e2af4\" data-element_type=\"container\" data-settings=\"{&quot;_ha_eqh_enable&quot;:false}\">\n\t\t\t\t<div class=\"elementor-element elementor-element-3096582 ha-card--top ha-card--tablet-top ha-card--mobile-top elementor-widget elementor-widget-ha-card happy-addon ha-card\" data-id=\"3096582\" data-element_type=\"widget\" data-widget_type=\"ha-card.default\">\n\t\t\t\t<div class=\"elementor-widget-container\">\n\t\t\t\t\t\r\n\t\t\t\t\t<figure class=\"ha-card-figure\">\r\n\t\t\t\t<img decoding=\"async\" width=\"759\" height=\"593\" src=\"https:\/\/seaphoriabeach.com\/wp-content\/uploads\/2024\/11\/capture_20241119123315115.bmp\" class=\"attachment-large size-large wp-image-2897\" alt=\"\" \/>\t\t\t\t\t\t\t<\/figure>\r\n\t\t\r\n\t\t<div class=\"ha-card-body\">\r\n\r\n\t\t\t<h2 class=\"ha-card-title\">Fitnessstudio<\/h2>\r\n\t\t\t\r\n\t\t\t\t\t<\/div>\r\n\t\t\t\t\t\t<\/div>\n\t\t\t\t<\/div>\n\t\t\t\t<div class=\"elementor-element elementor-element-9d877b2 ha-card--top ha-card--tablet-top ha-card--mobile-top elementor-widget elementor-widget-ha-card happy-addon ha-card\" data-id=\"9d877b2\" data-element_type=\"widget\" data-widget_type=\"ha-card.default\">\n\t\t\t\t<div class=\"elementor-widget-container\">\n\t\t\t\t\t\r\n\t\t\t\t\t<figure class=\"ha-card-figure\">\r\n\t\t\t\t<img loading=\"lazy\" decoding=\"async\" width=\"800\" height=\"532\" src=\"https:\/\/seaphoriabeach.com\/wp-content\/uploads\/2024\/11\/Darts_in_a_dartboard.jpg\" class=\"attachment-large size-large wp-image-2986\" alt=\"\" srcset=\"https:\/\/seaphoriabeach.com\/wp-content\/uploads\/2024\/11\/Darts_in_a_dartboard.jpg 800w, https:\/\/seaphoriabeach.com\/wp-content\/uploads\/2024\/11\/Darts_in_a_dartboard-300x200.jpg 300w, https:\/\/seaphoriabeach.com\/wp-content\/uploads\/2024\/11\/Darts_in_a_dartboard-768x511.jpg 768w\" sizes=\"(max-width: 800px) 100vw, 800px\" \/>\t\t\t\t\t\t\t<\/figure>\r\n\t\t\r\n\t\t<div class=\"ha-card-body\">\r\n\r\n\t\t\t<h2 class=\"ha-card-title\">Darts<\/h2>\r\n\t\t\t\r\n\t\t\t\t\t<\/div>\r\n\t\t\t\t\t\t<\/div>\n\t\t\t\t<\/div>\n\t\t\t\t<\/div>\n\t\t<div class=\"elementor-element elementor-element-5bcce0a e-con-full e-flex e-con e-child\" data-id=\"5bcce0a\" data-element_type=\"container\" data-settings=\"{&quot;_ha_eqh_enable&quot;:false}\">\n\t\t\t\t<div class=\"elementor-element elementor-element-05a46d9 ha-card--top ha-card--tablet-top ha-card--mobile-top elementor-widget elementor-widget-ha-card happy-addon ha-card\" data-id=\"05a46d9\" data-element_type=\"widget\" data-widget_type=\"ha-card.default\">\n\t\t\t\t<div class=\"elementor-widget-container\">\n\t\t\t\t\t\r\n\t\t\t\t\t<figure class=\"ha-card-figure\">\r\n\t\t\t\t<img loading=\"lazy\" decoding=\"async\" width=\"758\" height=\"599\" src=\"https:\/\/seaphoriabeach.com\/wp-content\/uploads\/2024\/11\/capture_20241119123256544.bmp\" class=\"attachment-large size-large wp-image-2898\" alt=\"\" \/>\t\t\t\t\t\t\t<\/figure>\r\n\t\t\r\n\t\t<div class=\"ha-card-body\">\r\n\r\n\t\t\t<h2 class=\"ha-card-title\">Beachvolleyball<\/h2>\r\n\t\t\t\r\n\t\t\t\t\t<\/div>\r\n\t\t\t\t\t\t<\/div>\n\t\t\t\t<\/div>\n\t\t\t\t<\/div>\n\t\t\t\t\t<\/div>\n\t\t\t\t<\/div>\n\t\t\t\t<\/div>\n\t\t","protected":false},"excerpt":{"rendered":"Seaphoria Hotel Alles inklusive Funktionen des Ultra-All-Inclusive-Konzepts Fr\u00fchst\u00fcck (zwischen 07:00 und 10:00 Uhr)Sp\u00e4tes Fr\u00fchst\u00fcck (zwischen 10:00 und 10:30 Uhr)Mittagessen (zwischen 12:30 und 14:30 Uhr)Abendessen (zwischen 19:00 und 21:00 Uhr)Snack (zwischen 12:00 und 16:00 Uhr)Patisserie (Kuchen, Geb\u00e4ck, Geb\u00e4ck) (zwischen 16:00 und 18:00 Uhr)Eiszeit (12:00-16:00)Nachtsuppe (zwischen 23:00 und 01:00 Uhr) A&#8217;La-Carte-Restaurants; Wine House International A&#8217;La Carte Restaurant ","protected":false},"author":1,"featured_media":0,"parent":0,"menu_order":0,"comment_status":"closed","ping_status":"closed","template":"elementor_header_footer","meta":{"footnotes":""},"class_list":["post-3308","page","type-page","status-publish","hentry"],"_links":{"self":[{"href":"https:\/\/seaphoriabeach.com\/de\/wp-json\/wp\/v2\/pages\/3308","targetHints":{"allow":["GET"]}}],"collection":[{"href":"https:\/\/seaphoriabeach.com\/de\/wp-json\/wp\/v2\/pages"}],"about":[{"href":"https:\/\/seaphoriabeach.com\/de\/wp-json\/wp\/v2\/types\/page"}],"author":[{"embeddable":true,"href":"https:\/\/seaphoriabeach.com\/de\/wp-json\/wp\/v2\/users\/1"}],"replies":[{"embeddable":true,"href":"https:\/\/seaphoriabeach.com\/de\/wp-json\/wp\/v2\/comments?post=3308"}],"version-history":[{"count":3,"href":"https:\/\/seaphoriabeach.com\/de\/wp-json\/wp\/v2\/pages\/3308\/revisions"}],"predecessor-version":[{"id":3387,"href":"https:\/\/seaphoriabeach.com\/de\/wp-json\/wp\/v2\/pages\/3308\/revisions\/3387"}],"wp:attachment":[{"href":"https:\/\/seaphoriabeach.com\/de\/wp-json\/wp\/v2\/media?parent=3308"}],"curies":[{"name":"wp","href":"https:\/\/api.w.org\/{rel}","templated":true}]}}